{"id":139,"date":"2012-03-21T10:40:19","date_gmt":"2012-03-21T10:40:19","guid":{"rendered":"http:\/\/www.weshoplight.eu\/?page_id=139"},"modified":"2023-08-04T09:08:28","modified_gmt":"2023-08-04T09:08:28","slug":"datenschutzhinweise","status":"publish","type":"page","link":"https:\/\/www.we-shoplight.de\/index.php\/datenschutzhinweise\/","title":{"rendered":"Datenschutzhinweise"},"content":{"rendered":"<p>Datenschutzerkl\u00e4rung<\/p>\n<p>&nbsp;<\/p>\n<p>Wir nehmen Datenschutz ernst.<\/p>\n<p>Der Schutz Ihrer Privatsph\u00e4re bei der Verarbeitung pers\u00f6nlicher Daten ist f\u00fcr uns ein wichtiges Anliegen. Wenn Sie unsere Webseite besuchen, speichern unsere Webserver standardm\u00e4\u00dfig die IP Ihres Internet Service Provider, die Webseite, von der aus Sie uns besuchen, die Webseiten, die Sie bei uns besuchen sowie das Datum und die Dauer des Besuches. Diese Informationen sind f\u00fcr die technische \u00dcbertragung der Webseiten und den sicheren Serverbetrieb zwingend erforderlich. Eine personalisierte Auswertung dieser Daten erfolgt nicht.<\/p>\n<p>Sofern Sie uns Daten per E-Mail senden, werden diese Daten im Zuge der Datensicherung auf unseren Servern gespeichert. Ihre Daten werden von uns ausschlie\u00dflich zur Bearbeitung Ihres Anliegens verwendet. Ihre Daten werden streng vertraulich behandelt. Eine Weitergabe an Dritte erfolgt nicht.<\/p>\n<p>Verantwortliche Stelle:<br \/>\nwe-shoplight<br \/>\nLichtdesign &amp; Lichtsysteme GmbH<br \/>\nAm Leveloh 4<br \/>\n45549 Sprockh\u00f6vel<br \/>\nTel.: 02324. 68689-0<br \/>\nFax: 02324. 68689-50<br \/>\nE-Mail: info@weshoplight.de<\/p>\n<p>Personenbezogene Daten<\/p>\n<p>Personenbezogene Daten sind Daten \u00fcber Ihre Person. Diese beinhalten Ihren Namen, Ihre Adresse und Ihre Email Adresse. Sie m\u00fcssen auch keine personenbezogenen Daten preisgeben um unsere Internetseite besuchen zu k\u00f6nnen. In einigen F\u00e4llen ben\u00f6tigen wir Ihren Namen und Adresse sowie weitere Informationen um Ihnen die gew\u00fcnschte Dienstleistung anbieten zu k\u00f6nnen.<\/p>\n<p>Das Gleiche gilt f\u00fcr den Fall, dass wir Sie auf Wunsch mit Informationsmaterial beliefern bzw. wenn wir Ihre Anfragen beantworten. In diesen F\u00e4llen werden wir Sie immer darauf hinweisen. Au\u00dferdem speichern wir nur die Daten, die Sie uns automatisch oder freiwillig \u00fcbermittelt haben.<\/p>\n<p>Wenn Sie einen unserer Services nutzen, sammeln wir in der Regel nur die Daten die notwendig sind um Ihnen unseren Service bieten zu k\u00f6nnen. M\u00f6glicherweise fragen wir Sie nach weiteren Informationen, die aber freiwilliger Natur sind. Wann immer wir personenbezogene Daten verarbeiten, tun wir dies um Ihnen unseren Service anbieten zu k\u00f6nnen oder um unsere kommerziellen Ziele zu verfolgen.<\/p>\n<p>Automatisch gespeicherte Daten<\/p>\n<p>Server-Log-Dateien<\/p>\n<p>Der Provider der Seiten erhebt und speichert automatisch Informationen in so genannten Server-Log-Dateien, die Ihr Browser automatisch an uns \u00fcbermittelt. Dies sind:<\/p>\n<p>\u00b7 Datum und Uhrzeit der Anforderung<br \/>\n\u00b7 Name der angeforderten Datei<br \/>\n\u00b7 Seite, von der aus die Datei angefordert wurde<br \/>\n\u00b7 Zugriffsstatus (Datei \u00fcbertragen, Datei nicht gefunden, etc.)<br \/>\n\u00b7 verwendeter Webbrowser und verwendetes Betriebssystem<br \/>\n\u00b7 vollst\u00e4ndige IP-Adresse des anfordernden Rechners<br \/>\n\u00b7 \u00fcbertragene Datenmenge<br \/>\nEine Zusammenf\u00fchrung dieser Daten mit anderen Datenquellen wird nicht vorgenommen. Die Verarbeitung erfolgt gem\u00e4\u00df Art. 6 Abs. 1 lit. f DSGVO auf Basis unseres berechtigten Interesses an der Verbesserung der Stabilit\u00e4t und Funktionalit\u00e4t unserer Website.<br \/>\nAus Gr\u00fcnden der technischen Sicherheit, insbesondere zur Abwehr von Angriffsversuchen auf unseren Webserver, werden diese Daten von uns kurzzeitig gespeichert. Ein R\u00fcckschluss auf einzelne Personen ist uns anhand dieser Daten nicht m\u00f6glich. Nach sp\u00e4testens sieben Tagen werden die Daten durch Verk\u00fcrzung der IP-Adresse auf Domain-Ebene anonymisiert, so dass es nicht mehr m\u00f6glich ist, einen Bezug zum einzelnen Nutzer herzustellen. In anonymisierter Form werden die Daten daneben zu statistischen Zwecken verarbeitet; ein Abgleich mit anderen Datenbest\u00e4nden oder eine Weitergabe an Dritte, auch in Ausz\u00fcgen, findet nicht statt.<\/p>\n<p>&nbsp;<\/p>\n<h2>Google Web Fonts<\/h2>\n<p>Zur einheitlichen Darstellung der Inhalte auf unserer Webseite werden durch den Script Code \u201eGoogle Fonts\u201d Daten (IP-Adresse, Zeitpunkt des Besuchs, Ger\u00e4te- und Browser-Informationen) erhoben und normalerweise an Google \u00fcbermittelt und anschlie\u00dfend von Google verarbeitet. Daher haben wir die Fonts datenschutzkonform auf unserem eigenen Server eingebettet, damit keine Daten an Google \u00fcbermittelt werden<\/p>\n<p>&nbsp;<\/p>\n<p>&nbsp;<\/p>\n<p>TLS-Verschl\u00fcsselung mit https<\/p>\n<p>Wir verwenden https um Daten abh\u00f6rsicher im Internet zu \u00fcbertragen (Datenschutz durch Technikgestaltung Artikel 25 Absatz 1 DSGVO). Durch den Einsatz von TLS (Transport Layer Security), einem Verschl\u00fcsselungsprotokoll zur sicheren Daten\u00fcbertragung im Internet k\u00f6nnen wir den Schutz vertraulicher Daten sicherstellen. Sie erkennen die Benutzung dieser Absicherung der Daten\u00fcbertragung am kleinen Schlo\u00dfsymbol links oben im Browser und der Verwendung des Schemas https (anstatt http) als Teil unserer Internetadresse.<\/p>\n<p>Kontaktaufnahme<br \/>\n(1) Wenn Sie mit uns per E-Mail Kontakt aufnehmen, werden die von Ihnen an uns mit Ihrer E-Mail \u00fcbermittelten personenbezogenen Daten gespeichert.<\/p>\n<p>(2) Die Daten werden ausschlie\u00dflich zur Beantwortung Ihrer Fragen verwendet. Soweit dies nicht explizit in dieser Datenschutzerkl\u00e4rung angegeben ist, erfolgt keine Weitergabe der Daten an Dritte. Zus\u00e4tzlich erfassen wir Ihre IP-Adresse und den Zeitpunkt der Absendung.<\/p>\n<p>(3) Die Verarbeitung der vorstehenden personenbezogenen Daten dient allein zur Bearbeitung Ihrer Anfragen.<\/p>\n<p>(4) Die Verarbeitung weiterer personenbezogener Daten, die durch die Verwendung des auf unserer Webseite vorgehaltenen Kontaktformulars anfallen, dienen zur Verhinderung des Missbrauchs sowie zur Sicherstellung der Sicherheit unserer informationstechnischen Systeme.<\/p>\n<p>(5) Hierin liegt auch unser berechtigtes Interesse an der Verarbeitung Ihrer personenbezogenen Daten. Soweit Sie uns hierf\u00fcr eine Einwilligung erteilt haben, ist Rechtsgrundlage f\u00fcr die Verarbeitung dieser Daten Art. 6 Abs. 1 lit. a) DSGVO. Im \u00dcbrigen ist Rechtsgrundlage f\u00fcr die Verarbeitung dieser Daten Art. 6 Abs. 1 lit. f) DSGVO, insbesondere f\u00fcr den Fall, dass uns die Daten von Ihnen durch \u00dcbersendung einer E-Mail \u00fcbermittelt werden. Soweit Sie durch Ihre E-Mail auf den Abschluss eines Vertrages hinwirken wollen, stellt Art. 6 Abs. 1 lit. b) DSGVO eine zus\u00e4tzliche Rechtsgrundlage dar.<\/p>\n<p>(6) Die Daten werden vorbehaltlich gesetzlicher Aufbewahrungsfristen gel\u00f6scht, sobald wir Ihre Anfrage abschlie\u00dfend bearbeitet haben. Bei einer Kontaktaufnahme per E-Mail k\u00f6nnen Sie der Speicherung Ihrer personenbezogenen Daten jederzeit widersprechen. Wir weisen Sie darauf hin, dass in diesem Fall Ihre Anfrage nicht weiterbearbeitet werden kann. Den Widerruf oder den Widerspruch k\u00f6nnen Sie durch \u00dcbersendung einer E-Mail an unsere im Impressum angegebene E-Mail-Adresse erkl\u00e4ren.<\/p>\n<p>&nbsp;<\/p>\n<p>VIMEO<\/p>\n<p>Wir nutzen VIMEO.<\/p>\n<p>Vimeo ist eine Videoplattform.<\/p>\n<p>Der Firmensitz von VIMEO ist:<\/p>\n<p>555, West 18th<br \/>\nStreet, Chelsea,<br \/>\nManhattan, New<br \/>\nYork County, New<br \/>\nYork, 10011,<br \/>\nVereinigte Staaten von Amerika<\/p>\n<p>VIMEO verwendet\u00a0 Cookies die jedoch keine Personenbezogene Daten speichern.<\/p>\n<p>&nbsp;<\/p>\n<p>Wir verwenden Prophoto.<\/p>\n<p>ProPhoto ist ein WordPress Plugin das in Kalifornien entwickelt wurde und uns<\/p>\n<p>die Webseitengestaltung erleichtert.<\/p>\n<p>Es werden durch ProPhoto keine Nutzerdaten erhoben<\/p>\n<p>&nbsp;<\/p>\n<p>Cookies<\/p>\n<p>Wenn Sie unsere Internetseiten besuchen speichern wir m\u00f6glicherweise Informationen auf Ihrem Computer in Form von Cookies. Cookies sind kleine Dateien die von einem Internetserver an Ihren Browser \u00fcbertragen und auf dessen Festplatte gespeichert werden. Ohne Einwilligung wird lediglich die Internet Protokoll Adresse hierbei gespeichert, aber keine weiteren personenbezogenen Daten. Diese Information die in den Cookies gespeichert wird erlaubt es, Sie bei dem n\u00e4chsten Besuch auf unserer Internetseite automatisch wiederzuerkennen, wodurch Ihnen die Nutzung erleichtert wird. Rechtsgrundlage f\u00fcr den Einsatz von Cookies ist das berechtigte Interesse gem\u00e4\u00df Art. 6 Abs. 1 lit. f DSGVO.<\/p>\n<p>Nat\u00fcrlich k\u00f6nnen Sie unsere Internetseiten auch besuchen ohne Cookies zu akzeptieren. Wenn Sie nicht m\u00f6chten, dass Ihr Computer beim n\u00e4chsten Besuch wiedererkannt wird k\u00f6nnen Sie die Verwendung von Cookies auch ablehnen indem Sie die Einstellungen in Ihrem Browser auf \u201eCookies ablehnen\u201c \u00e4ndern. Die jeweilige Vorgehensweise finden Sie in der Bedienungsanleitung Ihres jeweiligen Browsers. Wenn Sie die Verwendung von Cookies ablehnen, kann es jedoch zu Einschr\u00e4nkungen in der Nutzung mancher Bereiche unserer Internetseiten kommen.<\/p>\n<p>Sicherheit<\/p>\n<p>Wir haben technische und administrative Sicherheitsvorkehrungen getroffen um Ihre personenbezogenen Daten gegen Verlust, Zerst\u00f6rung, Manipulation und unautorisierten Zugriff zu sch\u00fctzen. All unsere Mitarbeiter sowie f\u00fcr uns t\u00e4tige Dienstleister sind auf die g\u00fcltigen Datenschutzgesetze verpflichtet.<\/p>\n<p>Wann immer wir personenbezogene Daten sammeln und verarbeiten werden diese verschl\u00fcsselt bevor sie \u00fcbertragen werden. Das hei\u00dft, dass Ihre Daten nicht von Dritten missbraucht werden k\u00f6nnen. Unsere Sicherheitsvorkehrungen unterliegen dabei einem st\u00e4ndigen Verbesserungsprozess und unsere Datenschutzerkl\u00e4rungen werden st\u00e4ndig \u00fcberarbeitet. Bitte stellen Sie sicher, dass Ihnen die aktuellste Version vorliegt.<\/p>\n<p>&nbsp;<\/p>\n<p>Betroffenenrechte<\/p>\n<p>Sie haben jederzeit ein Recht auf Auskunft, Berichtigung, L\u00f6schung oder Einschr\u00e4nkung der Verarbeitung Ihrer gespeicherten Daten, ein Widerspruchsrecht gegen die Verarbeitung sowie ein Recht auf Daten\u00fcbertragbarkeit und auf Beschwerde gem\u00e4\u00df den Voraussetzungen des Datenschutzrechts.<\/p>\n<p>Recht auf Auskunft:<br \/>\nSie k\u00f6nnen von uns eine Auskunft verlangen, ob und in welchem Ausma\u00df wir Ihre Daten verarbeiten.<br \/>\nRecht auf Berichtigung:<br \/>\nVerarbeiten wir Ihre Daten, die unvollst\u00e4ndig oder unrichtig sind, so k\u00f6nnen Sie jederzeit deren Berichtigung bzw. deren Vervollst\u00e4ndigung von uns verlangen.<br \/>\nRecht auf L\u00f6schung:<br \/>\nSie k\u00f6nnen von uns die L\u00f6schung Ihrer Daten verlangen, sofern wir diese unrechtm\u00e4\u00dfig verarbeiten oder die Verarbeitung unverh\u00e4ltnism\u00e4\u00dfig in Ihre berechtigten Schutzinteressen eingreift. Bitte beachten Sie, dass es Gr\u00fcnde geben kann, die einer sofortigen L\u00f6schung entgegenstehen, z.B. im Fall von gesetzlich geregelten Aufbewahrungspflichten.<br \/>\nUnabh\u00e4ngig von der Wahrnehmung Ihres Rechts auf L\u00f6schung, werden wir Ihre Daten umgehend und vollst\u00e4ndig l\u00f6schen, soweit keine diesbez\u00fcgliche rechtsgesch\u00e4ftliche oder gesetzliche Aufbewahrungspflicht entgegensteht.<br \/>\nRecht auf Einschr\u00e4nkung der Verarbeitung:<br \/>\nSie k\u00f6nnen von uns die Einschr\u00e4nkung der Verarbeitung Ihrer Daten verlangen, wenn<br \/>\n&#8211; Sie die Richtigkeit der Daten bestreiten, und zwar f\u00fcr eine Dauer, die es uns erm\u00f6glicht, die Richtigkeit der Daten zu \u00fcberpr\u00fcfen.<br \/>\n&#8211; die Verarbeitung der Daten unrechtm\u00e4\u00dfig ist, Sie aber eine L\u00f6schung ablehnen und stattdessen eine Einschr\u00e4nkung der Datennutzung verlangen,<br \/>\n&#8211; wir die Daten f\u00fcr den vorgesehenen Zweck nicht mehr ben\u00f6tigen, Sie diese Daten aber noch zur Geltendmachung oder Verteidigung von Rechtsanspr\u00fcchen brauchen, oder<br \/>\n&#8211; Sie Widerspruch gegen die Verarbeitung der Daten eingelegt haben.<br \/>\nRecht auf Daten\u00fcbertragbarkeit:<br \/>\nSie k\u00f6nnen von uns verlangen, dass wir Ihnen Ihre Daten, die Sie uns bereitgestellt haben, in einem strukturierten, g\u00e4ngigen und maschinenlesbaren Format zur Verf\u00fcgung stellen und dass Sie diese Daten einem anderen Verantwortlichen ohne Behinderung durch uns \u00fcbermitteln k\u00f6nnen, sofern<br \/>\n&#8211; wir diese Daten aufgrund einer von Ihnen erteilten und widerrufbaren Zustimmung oder zur Erf\u00fcllung eines Vertrages zwischen uns verarbeiten, und<br \/>\n&#8211; diese Verarbeitung mithilfe automatisierter Verfahren erfolgt.<br \/>\nBei technischer Machbarkeit k\u00f6nnen Sie von uns eine direkte \u00dcbermittlung Ihrer Daten an einen anderen Verantwortlichen verlangen.<br \/>\nWiderspruchsrecht:<br \/>\nVerarbeiten wir Ihre Daten aus berechtigtem Interesse, so k\u00f6nnen Sie gegen diese Datenverarbeitung jederzeit Widerspruch einlegen; dies w\u00fcrde auch f\u00fcr ein auf diese Bestimmungen gest\u00fctztes Profiling gelten. Wir verarbeiten dann Ihre Daten nicht mehr, es sei denn, wir k\u00f6nnen zwingende schutzw\u00fcrdige Gr\u00fcnde f\u00fcr die Verarbeitung nachweisen, die Ihre Interessen, Rechte und Freiheiten \u00fcberwiegen oder die Verarbeitung dient der Geltendmachung, Aus\u00fcbung oder Verteidigung von Rechtsanspr\u00fcchen. Der Verarbeitung Ihrer Daten zum Zweck der Direktwerbung k\u00f6nnen Sie jederzeit ohne Angabe von Gr\u00fcnden widersprechen.<br \/>\nBeschwerderecht:<br \/>\nSind Sie der Meinung, dass wir bei der Verarbeitung Ihrer Daten gegen deutsches oder europ\u00e4isches Datenschutzrecht versto\u00dfen, so bitten wir Sie, mit uns Kontakt aufzunehmen, um Fragen aufkl\u00e4ren zu k\u00f6nnen. Sie haben selbstverst\u00e4ndlich auch das Recht, sich an die f\u00fcr Sie zust\u00e4ndige Aufsichtsbeh\u00f6rde, das jeweilige Landesamt f\u00fcr Datenschutzaufsicht, zu wenden.<br \/>\nSofern Sie eines der genannten Rechte uns gegen\u00fcber geltend machen wollen, so wenden Sie sich bitte an unseren Datenschutzbeauftragten. Im Zweifel k\u00f6nnen wir zus\u00e4tzliche Informationen zur Best\u00e4tigung Ihrer Identit\u00e4t anfordern.<\/p>\n<p>\u00c4nderungen dieser Datenschutzerkl\u00e4rung<\/p>\n<p>Wir behalten uns das Recht vor, unsere Datenschutzerkl\u00e4rungen zu \u00e4ndern falls dies aufgrund neuer Technologien notwendig sein sollte. Bitte stellen Sie sicher, dass Ihnen die aktuellste Version vorliegt. Werden an dieser Datenschutzerkl\u00e4rung grundlegende \u00c4nderungen vorgenommen, geben wir diese auf unserer Website bekannt.<\/p>\n<p>Alle Interessenten und Besucher unserer Internetseite erreichen uns in Datenschutzfragen unter:<\/p>\n<p>Herrn J\u00fcrgen C. Beer<br \/>\nProjekt 29 GmbH &amp; Co. KG<br \/>\nOstengasse 14<br \/>\n93047 Regensburg<\/p>\n<p>Tel.: 0941 2986930<\/p>\n<p>E-Mail: Datenschutz@we-shoplight.de<\/p>\n<div class=\"pp-social-media-buttons\"><div class=\"pp-fb-like-btn-wrap\"><div class=\"fb-like\" data-href=\"https:\/\/www.we-shoplight.de\/index.php\/datenschutzhinweise\/\" data-share=\"false\" data-layout=\"button_count\" data-width=\"90\" data-show-faces=\"false\" data-action=\"like\"><\/div><\/div><\/div>","protected":false},"excerpt":{"rendered":"<p>Datenschutzerkl\u00e4rung &nbsp; Wir nehmen Datenschutz ernst. Der Schutz Ihrer Privatsph\u00e4re bei der Verarbeitung pers\u00f6nlicher Daten ist f\u00fcr uns ein wichtiges Anliegen. Wenn Sie unsere Webseite besuchen, speichern unsere Webserver standardm\u00e4\u00dfig die IP Ihres Internet Service Provider, die Webseite, von der aus Sie uns besuchen, die Webseiten, die Sie bei uns besuchen sowie das Datum und [&hellip;]<\/p>\n","protected":false},"author":2,"featured_media":0,"parent":0,"menu_order":0,"comment_status":"closed","ping_status":"closed","template":"","meta":{"footnotes":""},"class_list":["post-139","page","type-page","status-publish","hentry"],"_links":{"self":[{"href":"https:\/\/www.we-shoplight.de\/index.php\/wp-json\/wp\/v2\/pages\/139","targetHints":{"allow":["GET"]}}],"collection":[{"href":"https:\/\/www.we-shoplight.de\/index.php\/wp-json\/wp\/v2\/pages"}],"about":[{"href":"https:\/\/www.we-shoplight.de\/index.php\/wp-json\/wp\/v2\/types\/page"}],"author":[{"embeddable":true,"href":"https:\/\/www.we-shoplight.de\/index.php\/wp-json\/wp\/v2\/users\/2"}],"replies":[{"embeddable":true,"href":"https:\/\/www.we-shoplight.de\/index.php\/wp-json\/wp\/v2\/comments?post=139"}],"version-history":[{"count":14,"href":"https:\/\/www.we-shoplight.de\/index.php\/wp-json\/wp\/v2\/pages\/139\/revisions"}],"predecessor-version":[{"id":2023,"href":"https:\/\/www.we-shoplight.de\/index.php\/wp-json\/wp\/v2\/pages\/139\/revisions\/2023"}],"wp:attachment":[{"href":"https:\/\/www.we-shoplight.de\/index.php\/wp-json\/wp\/v2\/media?parent=139"}],"curies":[{"name":"wp","href":"https:\/\/api.w.org\/{rel}","templated":true}]}}