{"id":141,"date":"2012-03-21T11:00:52","date_gmt":"2012-03-21T11:00:52","guid":{"rendered":"http:\/\/www.weshoplight.eu\/?page_id=141"},"modified":"2012-11-06T15:51:38","modified_gmt":"2012-11-06T15:51:38","slug":"uber-uns","status":"publish","type":"page","link":"https:\/\/www.we-shoplight.de\/index.php\/uber-uns\/","title":{"rendered":"\u00dcber uns"},"content":{"rendered":"<p>Das Unternehmen we-shoplight ist anerkannter Spezialanbieter f\u00fcr innovative Lichtkonzepte<br \/>\nin Lebensmittelhandwerk, -handel und Gastronomie.<\/p>\n<p>&nbsp;<\/p>\n<p><img loading=\"lazy\" decoding=\"async\" class=\"alignnone size-full wp-image-879\" title=\"_MG_8600-Bea_neu\" src=\"http:\/\/www.weshoplight.eu\/wp-content\/uploads\/2012\/03\/MG_8600-Bea_neu.jpg\" alt=\"\" width=\"400\" height=\"293\" srcset=\"https:\/\/www.we-shoplight.de\/wp-content\/uploads\/2012\/03\/MG_8600-Bea_neu.jpg 400w, https:\/\/www.we-shoplight.de\/wp-content\/uploads\/2012\/03\/MG_8600-Bea_neu-300x219.jpg 300w\" sizes=\"auto, (max-width: 400px) 100vw, 400px\" \/><\/p>\n<h5>Thomas &amp; Holger Euskirchen, Gesch\u00e4ftsf\u00fchrung<\/h5>\n<p>&nbsp;<\/p>\n<p>Unsere Auftraggeber vertrauen auf fundiertes Fachwissen in allen Phasen der Konzeptentwicklung,<br \/>\nder technischen Planung und Ausf\u00fchrung:\u00a0Sie haben die Sicherheit direkt und ohne Reibungsverluste<br \/>\nbetreut zu werden \u2013 von einem zuverl\u00e4ssigen und erfahrenen kompakten Team, das sein gestalterisches<br \/>\nund technisches Know-how f\u00fcr Ihren Erfolg einsetzt! Unsere Kunden profitieren davon, dass kreative<br \/>\nIdeen unter Ber\u00fccksichtigung des Machbaren und der Wirtschaftlichkeit unmittelbar in marketingorientierte<br \/>\nErfolgskonzepte umgesetzt werden. St\u00e4ndige Information \u00fcber aktuelle Gestaltungstrends, genaue Marktkenntnisse<br \/>\nund fundiertes Wissen \u00fcber Einkaufs- und Verzehrverhalten, \u00fcber Kundenf\u00fchrung und Warenpr\u00e4sentation,<br \/>\nflie\u00dfen hierzu in die Konzepte ein. Bei der Realisierung kommen vorrangig eigene Designentwicklungen als auch<br \/>\nProdukte international marktf\u00fchrender Hersteller zum Einsatz.<\/p>\n<p>Im Ergebnis wird in Balance mit der Innenarchitektur das individuelle Ambiente eines Objektes geschaffen \u2013<br \/>\nma\u00dfgeschneidert und zielgerichtet auf Ihren Verkaufserfolg!<\/p>\n<p>Wir verstehen nicht nur unser \u201eHandwerk\u201c \u2013 wir verstehen auch Ihr Gesch\u00e4ft!<\/p>\n<div class=\"pp-social-media-buttons\"><div class=\"pp-fb-like-btn-wrap\"><div class=\"fb-like\" data-href=\"https:\/\/www.we-shoplight.de\/index.php\/uber-uns\/\" data-share=\"false\" data-layout=\"button_count\" data-width=\"90\" data-show-faces=\"false\" data-action=\"like\"><\/div><\/div><\/div>","protected":false},"excerpt":{"rendered":"<p>Das Unternehmen we-shoplight ist anerkannter Spezialanbieter f\u00fcr innovative Lichtkonzepte in Lebensmittelhandwerk, -handel und Gastronomie. &nbsp; Thomas &amp; Holger Euskirchen, Gesch\u00e4ftsf\u00fchrung &nbsp; Unsere Auftraggeber vertrauen auf fundiertes Fachwissen in allen Phasen der Konzeptentwicklung, der technischen Planung und Ausf\u00fchrung:\u00a0Sie haben die Sicherheit direkt und ohne Reibungsverluste betreut zu werden \u2013 von einem zuverl\u00e4ssigen und erfahrenen kompakten Team, [&hellip;]<\/p>\n","protected":false},"author":2,"featured_media":0,"parent":0,"menu_order":0,"comment_status":"closed","ping_status":"closed","template":"","meta":{"footnotes":""},"class_list":["post-141","page","type-page","status-publish","hentry"],"_links":{"self":[{"href":"https:\/\/www.we-shoplight.de\/index.php\/wp-json\/wp\/v2\/pages\/141","targetHints":{"allow":["GET"]}}],"collection":[{"href":"https:\/\/www.we-shoplight.de\/index.php\/wp-json\/wp\/v2\/pages"}],"about":[{"href":"https:\/\/www.we-shoplight.de\/index.php\/wp-json\/wp\/v2\/types\/page"}],"author":[{"embeddable":true,"href":"https:\/\/www.we-shoplight.de\/index.php\/wp-json\/wp\/v2\/users\/2"}],"replies":[{"embeddable":true,"href":"https:\/\/www.we-shoplight.de\/index.php\/wp-json\/wp\/v2\/comments?post=141"}],"version-history":[{"count":13,"href":"https:\/\/www.we-shoplight.de\/index.php\/wp-json\/wp\/v2\/pages\/141\/revisions"}],"predecessor-version":[{"id":143,"href":"https:\/\/www.we-shoplight.de\/index.php\/wp-json\/wp\/v2\/pages\/141\/revisions\/143"}],"wp:attachment":[{"href":"https:\/\/www.we-shoplight.de\/index.php\/wp-json\/wp\/v2\/media?parent=141"}],"curies":[{"name":"wp","href":"https:\/\/api.w.org\/{rel}","templated":true}]}}