{"id":145,"date":"2012-03-21T11:05:56","date_gmt":"2012-03-21T11:05:56","guid":{"rendered":"http:\/\/www.weshoplight.eu\/?page_id=145"},"modified":"2012-03-21T11:22:50","modified_gmt":"2012-03-21T11:22:50","slug":"weshoplight-philosopie","status":"publish","type":"page","link":"https:\/\/www.we-shoplight.de\/index.php\/weshoplight-philosopie\/","title":{"rendered":"Philosophie"},"content":{"rendered":"<p>Licht kann man sehen. Licht kann man auch in Werten messen. Licht nehmen wir also wahr, wir bemerken es.<br \/>\nAndererseits wirkt Licht auch unmerklich, n\u00e4mlich auf unser Unterbewusstsein. Licht ist aber vor allem das Medium zum Sehen,<br \/>\n80 Prozent der Informationen nimmt der Mensch \u00fcber die Augen auf.<\/p>\n<p>K\u00fcnstliches Licht schafft Erlebniswelten den Tag begleitend und \u00fcber den Tag hinaus. K\u00fcnstliches Licht ist auch Gestaltungsmittel \u2013<br \/>\nLichtquellen und Leuchtk\u00f6rper werden in Verbindung mit Design zum Bestandteil von Rauminszenierungen.<\/p>\n<p>Beleuchtungsniveau, Lichtfarbe und der Wechsel von Hell und Dunkel beeinflusst nicht nur unser Zurechtfinden, sondern auch unsere<br \/>\nStimmung und unser Wohlbefinden. Das richtige Licht wird so zu einem bedeutenden St\u00fcck Lebensqualit\u00e4t \u2013 und zum wichtigsten Verkaufsf\u00f6rderer.<\/p>\n<p>Die Entwicklung von Lampen und Leuchten hat an Dynamik gewonnen. Moderne Technologien, neue Werkstoffe und neue optische Systeme<br \/>\nschaffen neue M\u00f6glichkeiten in der k\u00fcnstlichen Beleuchtung \u2013 und das mit optimaler Wirtschaftlichkeit und unter Ber\u00fccksichtigung von Umweltbelangen.<\/p>\n<p>All dies wird professionell in Lichtinszenierungen von Verkaufs- und Gastr\u00e4umen umgesetzt:<br \/>\nIn funktionierende und erfolgbringende Lichtkonzepte von we-shoplight.<\/p>\n<div class=\"pp-social-media-buttons\"><div class=\"pp-fb-like-btn-wrap\"><div class=\"fb-like\" data-href=\"https:\/\/www.we-shoplight.de\/index.php\/weshoplight-philosopie\/\" data-share=\"false\" data-layout=\"button_count\" data-width=\"90\" data-show-faces=\"false\" data-action=\"like\"><\/div><\/div><\/div>","protected":false},"excerpt":{"rendered":"<p>Licht kann man sehen. Licht kann man auch in Werten messen. Licht nehmen wir also wahr, wir bemerken es. Andererseits wirkt Licht auch unmerklich, n\u00e4mlich auf unser Unterbewusstsein. Licht ist aber vor allem das Medium zum Sehen, 80 Prozent der Informationen nimmt der Mensch \u00fcber die Augen auf. K\u00fcnstliches Licht schafft Erlebniswelten den Tag begleitend [&hellip;]<\/p>\n","protected":false},"author":2,"featured_media":0,"parent":0,"menu_order":0,"comment_status":"closed","ping_status":"closed","template":"","meta":{"footnotes":""},"class_list":["post-145","page","type-page","status-publish","hentry"],"_links":{"self":[{"href":"https:\/\/www.we-shoplight.de\/index.php\/wp-json\/wp\/v2\/pages\/145","targetHints":{"allow":["GET"]}}],"collection":[{"href":"https:\/\/www.we-shoplight.de\/index.php\/wp-json\/wp\/v2\/pages"}],"about":[{"href":"https:\/\/www.we-shoplight.de\/index.php\/wp-json\/wp\/v2\/types\/page"}],"author":[{"embeddable":true,"href":"https:\/\/www.we-shoplight.de\/index.php\/wp-json\/wp\/v2\/users\/2"}],"replies":[{"embeddable":true,"href":"https:\/\/www.we-shoplight.de\/index.php\/wp-json\/wp\/v2\/comments?post=145"}],"version-history":[{"count":4,"href":"https:\/\/www.we-shoplight.de\/index.php\/wp-json\/wp\/v2\/pages\/145\/revisions"}],"predecessor-version":[{"id":148,"href":"https:\/\/www.we-shoplight.de\/index.php\/wp-json\/wp\/v2\/pages\/145\/revisions\/148"}],"wp:attachment":[{"href":"https:\/\/www.we-shoplight.de\/index.php\/wp-json\/wp\/v2\/media?parent=145"}],"curies":[{"name":"wp","href":"https:\/\/api.w.org\/{rel}","templated":true}]}}