{"id":6,"date":"2012-02-02T13:59:39","date_gmt":"2012-02-02T13:59:39","guid":{"rendered":"http:\/\/www.weshoplight.eu\/?page_id=6"},"modified":"2023-11-16T10:10:39","modified_gmt":"2023-11-16T10:10:39","slug":"impressum","status":"publish","type":"page","link":"https:\/\/www.we-shoplight.de\/index.php\/impressum\/","title":{"rendered":"Impressum"},"content":{"rendered":"<p><strong>we-shoplight<\/strong><br \/>\n<strong> Lichtdesign &amp; Lichtsysteme GmbH<\/strong><\/p>\n<p>Am Leveloh 4<br \/>\n45549 Sprockh\u00f6vel<\/p>\n<p>Tel.: 02324. 68689-0<br \/>\nFax: 02324. 68689-50<\/p>\n<p>E-Mail: <a href=\"mailto:info@weshoplight.eu\">info@weshoplight.de<\/a><br \/>\nInternet: www.weshoplight.de<\/p>\n<p><strong>Gesch\u00e4ftsf\u00fchrung<\/strong><\/p>\n<p>Thomas Euskirchen<\/p>\n<p><strong>Handelsregistereintrag<\/strong><\/p>\n<p>Amtsgericht Essen (HRB 20196)<br \/>\nSteuer-Nr.: 323\/5729\/0426<br \/>\nUSt.-ID:-Nr.: DE 811206473<br \/>\nLichtdesign &amp; Lichtsysteme GmbH<\/p>\n<p>Verantwortlich f\u00fcr den redaktionellen\u00a0Inhalt dieser Seite im Sinne des \u00a7 6 MDStV:<\/p>\n<p>Holger Euskirchen<\/p>\n<p>&nbsp;<\/p>\n<p>Alle auf dieser Site genannten Produktnamen und \u00e4hnliche Bezeichnungen<br \/>\nsind Markenzeichen der jeweiligen Hersteller. Eine Nichtauff\u00fchrung in dieser Auflistung<br \/>\nentbindet nicht von den Urheberrechten.\u00a0we-shoplight Lichtdesign &amp; Lichtsysteme GmbH<br \/>\nerkennt\u00a0jegliche urheberrechtliche Bindung diesbez\u00fcglich an.<\/p>\n<p>F\u00fcr den Inhalt von mit dieser Site verlinkten Sites \u00fcbernimmt die\u2028 we-shoplight<br \/>\nLichtdesign &amp; Lichtsysteme GmbH\u00a0keinerlei Haftung.<\/p>\n<div class=\"pp-social-media-buttons\"><div class=\"pp-fb-like-btn-wrap\"><div class=\"fb-like\" data-href=\"https:\/\/www.we-shoplight.de\/index.php\/impressum\/\" data-share=\"false\" data-layout=\"button_count\" data-width=\"90\" data-show-faces=\"false\" data-action=\"like\"><\/div><\/div><\/div>","protected":false},"excerpt":{"rendered":"<p>we-shoplight Lichtdesign &amp; Lichtsysteme GmbH Am Leveloh 4 45549 Sprockh\u00f6vel Tel.: 02324. 68689-0 Fax: 02324. 68689-50 E-Mail: info@weshoplight.de Internet: www.weshoplight.de Gesch\u00e4ftsf\u00fchrung Thomas Euskirchen Handelsregistereintrag Amtsgericht Essen (HRB 20196) Steuer-Nr.: 323\/5729\/0426 USt.-ID:-Nr.: DE 811206473 Lichtdesign &amp; Lichtsysteme GmbH Verantwortlich f\u00fcr den redaktionellen\u00a0Inhalt dieser Seite im Sinne des \u00a7 6 MDStV: Holger Euskirchen &nbsp; Alle auf dieser [&hellip;]<\/p>\n","protected":false},"author":2,"featured_media":0,"parent":0,"menu_order":0,"comment_status":"closed","ping_status":"closed","template":"","meta":{"footnotes":""},"class_list":["post-6","page","type-page","status-publish","hentry"],"_links":{"self":[{"href":"https:\/\/www.we-shoplight.de\/index.php\/wp-json\/wp\/v2\/pages\/6","targetHints":{"allow":["GET"]}}],"collection":[{"href":"https:\/\/www.we-shoplight.de\/index.php\/wp-json\/wp\/v2\/pages"}],"about":[{"href":"https:\/\/www.we-shoplight.de\/index.php\/wp-json\/wp\/v2\/types\/page"}],"author":[{"embeddable":true,"href":"https:\/\/www.we-shoplight.de\/index.php\/wp-json\/wp\/v2\/users\/2"}],"replies":[{"embeddable":true,"href":"https:\/\/www.we-shoplight.de\/index.php\/wp-json\/wp\/v2\/comments?post=6"}],"version-history":[{"count":12,"href":"https:\/\/www.we-shoplight.de\/index.php\/wp-json\/wp\/v2\/pages\/6\/revisions"}],"predecessor-version":[{"id":2043,"href":"https:\/\/www.we-shoplight.de\/index.php\/wp-json\/wp\/v2\/pages\/6\/revisions\/2043"}],"wp:attachment":[{"href":"https:\/\/www.we-shoplight.de\/index.php\/wp-json\/wp\/v2\/media?parent=6"}],"curies":[{"name":"wp","href":"https:\/\/api.w.org\/{rel}","templated":true}]}}